{"id":751,"date":"2026-04-14T06:29:52","date_gmt":"2026-04-14T06:29:52","guid":{"rendered":"https:\/\/balinesehome.pl\/?page_id=751"},"modified":"2026-04-14T06:37:46","modified_gmt":"2026-04-14T06:37:46","slug":"regulamin","status":"publish","type":"page","link":"https:\/\/balinesehome.pl\/?page_id=751","title":{"rendered":"Regulamin"},"content":{"rendered":"\t\t<div data-elementor-type=\"wp-page\" data-elementor-id=\"751\" class=\"elementor elementor-751\" data-elementor-post-type=\"page\">\n\t\t\t\t<div class=\"elementor-element elementor-element-d0a53d5 e-flex e-con-boxed e-con e-parent\" data-id=\"d0a53d5\" data-element_type=\"container\" data-e-type=\"container\">\n\t\t\t\t\t<div class=\"e-con-inner\">\n\t\t<div class=\"elementor-element elementor-element-9285490 e-con-full e-flex e-con e-child\" data-id=\"9285490\" data-element_type=\"container\" data-e-type=\"container\" data-settings=\"{&quot;sticky&quot;:&quot;top&quot;,&quot;background_background&quot;:&quot;classic&quot;,&quot;sticky_on&quot;:[&quot;desktop&quot;,&quot;tablet&quot;,&quot;mobile&quot;],&quot;sticky_offset&quot;:0,&quot;sticky_effects_offset&quot;:0,&quot;sticky_anchor_link_offset&quot;:0}\">\n\t\t<div class=\"elementor-element elementor-element-498fd09 e-con-full e-flex e-con e-child\" data-id=\"498fd09\" data-element_type=\"container\" data-e-type=\"container\">\n\t\t\t\t<div class=\"elementor-element elementor-element-9987d34 elementor-widget elementor-widget-theme-site-logo elementor-widget-image\" data-id=\"9987d34\" data-element_type=\"widget\" data-e-type=\"widget\" data-widget_type=\"theme-site-logo.default\">\n\t\t\t\t\t\t\t\t\t\t\t<a href=\"https:\/\/balinesehome.pl\">\n\t\t\t<img fetchpriority=\"high\" decoding=\"async\" width=\"2560\" height=\"631\" src=\"https:\/\/balinesehome.pl\/wp-content\/uploads\/2026\/03\/balinese-1-scaled.png\" class=\"attachment-full size-full wp-image-390\" alt=\"\" srcset=\"https:\/\/balinesehome.pl\/wp-content\/uploads\/2026\/03\/balinese-1-scaled.png 2560w, https:\/\/balinesehome.pl\/wp-content\/uploads\/2026\/03\/balinese-1-300x74.png 300w, https:\/\/balinesehome.pl\/wp-content\/uploads\/2026\/03\/balinese-1-scaled-600x148.png 600w, https:\/\/balinesehome.pl\/wp-content\/uploads\/2026\/03\/balinese-1-1024x253.png 1024w, https:\/\/balinesehome.pl\/wp-content\/uploads\/2026\/03\/balinese-1-768x189.png 768w, https:\/\/balinesehome.pl\/wp-content\/uploads\/2026\/03\/balinese-1-1536x379.png 1536w, https:\/\/balinesehome.pl\/wp-content\/uploads\/2026\/03\/balinese-1-2048x505.png 2048w\" sizes=\"(max-width: 2560px) 100vw, 2560px\" \/>\t\t\t\t<\/a>\n\t\t\t\t\t\t\t\t\t\t\t<\/div>\n\t\t\t\t<\/div>\n\t\t<div class=\"elementor-element elementor-element-f76c00c e-con-full e-flex e-con e-child\" data-id=\"f76c00c\" data-element_type=\"container\" data-e-type=\"container\">\n\t\t\t\t<div class=\"elementor-element elementor-element-11e8015 elementor-nav-menu__align-end elementor-nav-menu--stretch elementor-nav-menu__text-align-center elementor-nav-menu--dropdown-mobile elementor-widget-mobile__width-inherit elementor-nav-menu--toggle elementor-nav-menu--burger elementor-widget elementor-widget-nav-menu\" data-id=\"11e8015\" data-element_type=\"widget\" data-e-type=\"widget\" data-settings=\"{&quot;full_width&quot;:&quot;stretch&quot;,&quot;submenu_icon&quot;:{&quot;value&quot;:&quot;&lt;svg aria-hidden=\\&quot;true\\&quot; class=\\&quot;fa-svg-chevron-down e-font-icon-svg e-fas-chevron-down\\&quot; viewBox=\\&quot;0 0 448 512\\&quot; xmlns=\\&quot;http:\\\/\\\/www.w3.org\\\/2000\\\/svg\\&quot;&gt;&lt;path d=\\&quot;M207.029 381.476L12.686 187.132c-9.373-9.373-9.373-24.569 0-33.941l22.667-22.667c9.357-9.357 24.522-9.375 33.901-.04L224 284.505l154.745-154.021c9.379-9.335 24.544-9.317 33.901.04l22.667 22.667c9.373 9.373 9.373 24.569 0 33.941L240.971 381.476c-9.373 9.372-24.569 9.372-33.942 0z\\&quot;&gt;&lt;\\\/path&gt;&lt;\\\/svg&gt;&quot;,&quot;library&quot;:&quot;fa-solid&quot;},&quot;layout&quot;:&quot;horizontal&quot;,&quot;toggle&quot;:&quot;burger&quot;}\" data-widget_type=\"nav-menu.default\">\n\t\t\t\t\t\t\t\t<nav aria-label=\"Menu\" class=\"elementor-nav-menu--main elementor-nav-menu__container elementor-nav-menu--layout-horizontal e--pointer-underline e--animation-fade\">\n\t\t\t\t<ul id=\"menu-1-11e8015\" class=\"elementor-nav-menu\"><li class=\"menu-item menu-item-type-post_type menu-item-object-page menu-item-has-children menu-item-158\"><a href=\"https:\/\/balinesehome.pl\/?page_id=116\" class=\"elementor-item\">Sklep<\/a>\n<ul class=\"sub-menu elementor-nav-menu--dropdown\">\n\t<li class=\"menu-item menu-item-type-taxonomy menu-item-object-product_cat menu-item-has-children menu-item-283\"><a href=\"https:\/\/balinesehome.pl\/?product_cat=meble\" class=\"elementor-sub-item\">Meble<\/a>\n\t<ul class=\"sub-menu elementor-nav-menu--dropdown\">\n\t\t<li class=\"menu-item menu-item-type-taxonomy menu-item-object-product_cat menu-item-324\"><a href=\"https:\/\/balinesehome.pl\/?product_cat=krzesla\" class=\"elementor-sub-item\">Krzes\u0142a<\/a><\/li>\n\t\t<li class=\"menu-item menu-item-type-taxonomy menu-item-object-product_cat menu-item-284\"><a href=\"https:\/\/balinesehome.pl\/?product_cat=fotele\" class=\"elementor-sub-item\">Fotele<\/a><\/li>\n\t\t<li class=\"menu-item menu-item-type-taxonomy menu-item-object-product_cat menu-item-323\"><a href=\"https:\/\/balinesehome.pl\/?product_cat=hamaki\" class=\"elementor-sub-item\">Hamaki<\/a><\/li>\n\t\t<li class=\"menu-item menu-item-type-taxonomy menu-item-object-product_cat menu-item-448\"><a href=\"https:\/\/balinesehome.pl\/?product_cat=stoliki_kawowe\" class=\"elementor-sub-item\">Stoliki kawowe<\/a><\/li>\n\t\t<li class=\"menu-item menu-item-type-taxonomy menu-item-object-product_cat menu-item-285\"><a href=\"https:\/\/balinesehome.pl\/?product_cat=hokery\" class=\"elementor-sub-item\">Hokery<\/a><\/li>\n\t<\/ul>\n<\/li>\n\t<li class=\"menu-item menu-item-type-taxonomy menu-item-object-product_cat menu-item-383\"><a href=\"https:\/\/balinesehome.pl\/?product_cat=lustra\" class=\"elementor-sub-item\">Lustra<\/a><\/li>\n\t<li class=\"menu-item menu-item-type-taxonomy menu-item-object-product_cat menu-item-347\"><a href=\"https:\/\/balinesehome.pl\/?product_cat=oswietlenie\" class=\"elementor-sub-item\">O\u015bwietlenie<\/a><\/li>\n\t<li class=\"menu-item menu-item-type-taxonomy menu-item-object-product_cat menu-item-392\"><a href=\"https:\/\/balinesehome.pl\/?product_cat=rzezby\" class=\"elementor-sub-item\">Rze\u017aby<\/a><\/li>\n\t<li class=\"menu-item menu-item-type-taxonomy menu-item-object-product_cat menu-item-has-children menu-item-384\"><a href=\"https:\/\/balinesehome.pl\/?product_cat=umywalki\" class=\"elementor-sub-item\">Umywalki<\/a>\n\t<ul class=\"sub-menu elementor-nav-menu--dropdown\">\n\t\t<li class=\"menu-item menu-item-type-taxonomy menu-item-object-product_cat menu-item-475\"><a href=\"https:\/\/balinesehome.pl\/?product_cat=onyks\" class=\"elementor-sub-item\">Onyks<\/a><\/li>\n\t\t<li class=\"menu-item menu-item-type-taxonomy menu-item-object-product_cat menu-item-385\"><a href=\"https:\/\/balinesehome.pl\/?product_cat=stone\" class=\"elementor-sub-item\">Stone<\/a><\/li>\n\t<\/ul>\n<\/li>\n\t<li class=\"menu-item menu-item-type-taxonomy menu-item-object-product_cat menu-item-474\"><a href=\"https:\/\/balinesehome.pl\/?product_cat=terakota\" class=\"elementor-sub-item\">Terakota<\/a><\/li>\n<\/ul>\n<\/li>\n<li class=\"menu-item menu-item-type-post_type menu-item-object-page menu-item-155\"><a href=\"https:\/\/balinesehome.pl\/?page_id=79\" class=\"elementor-item\">O Nas<\/a><\/li>\n<li class=\"menu-item menu-item-type-post_type menu-item-object-page menu-item-156\"><a href=\"https:\/\/balinesehome.pl\/?page_id=74\" class=\"elementor-item\">Kontakt<\/a><\/li>\n<\/ul>\t\t\t<\/nav>\n\t\t\t\t\t<div class=\"elementor-menu-toggle\" role=\"button\" tabindex=\"0\" aria-label=\"Menu Toggle\" aria-expanded=\"false\">\n\t\t\t<svg aria-hidden=\"true\" role=\"presentation\" class=\"elementor-menu-toggle__icon--open e-font-icon-svg e-eicon-menu-bar\" viewBox=\"0 0 1000 1000\" xmlns=\"http:\/\/www.w3.org\/2000\/svg\"><path d=\"M104 333H896C929 333 958 304 958 271S929 208 896 208H104C71 208 42 237 42 271S71 333 104 333ZM104 583H896C929 583 958 554 958 521S929 458 896 458H104C71 458 42 487 42 521S71 583 104 583ZM104 833H896C929 833 958 804 958 771S929 708 896 708H104C71 708 42 737 42 771S71 833 104 833Z\"><\/path><\/svg><svg aria-hidden=\"true\" role=\"presentation\" class=\"elementor-menu-toggle__icon--close e-font-icon-svg e-eicon-close\" viewBox=\"0 0 1000 1000\" xmlns=\"http:\/\/www.w3.org\/2000\/svg\"><path d=\"M742 167L500 408 258 167C246 154 233 150 217 150 196 150 179 158 167 167 154 179 150 196 150 212 150 229 154 242 171 254L408 500 167 742C138 771 138 800 167 829 196 858 225 858 254 829L496 587 738 829C750 842 767 846 783 846 800 846 817 842 829 829 842 817 846 804 846 783 846 767 842 750 829 737L588 500 833 258C863 229 863 200 833 171 804 137 775 137 742 167Z\"><\/path><\/svg>\t\t<\/div>\n\t\t\t\t\t<nav class=\"elementor-nav-menu--dropdown elementor-nav-menu__container\" aria-hidden=\"true\">\n\t\t\t\t<ul id=\"menu-2-11e8015\" class=\"elementor-nav-menu\"><li class=\"menu-item menu-item-type-post_type menu-item-object-page menu-item-has-children menu-item-158\"><a href=\"https:\/\/balinesehome.pl\/?page_id=116\" class=\"elementor-item\" tabindex=\"-1\">Sklep<\/a>\n<ul class=\"sub-menu elementor-nav-menu--dropdown\">\n\t<li class=\"menu-item menu-item-type-taxonomy menu-item-object-product_cat menu-item-has-children menu-item-283\"><a href=\"https:\/\/balinesehome.pl\/?product_cat=meble\" class=\"elementor-sub-item\" tabindex=\"-1\">Meble<\/a>\n\t<ul class=\"sub-menu elementor-nav-menu--dropdown\">\n\t\t<li class=\"menu-item menu-item-type-taxonomy menu-item-object-product_cat menu-item-324\"><a href=\"https:\/\/balinesehome.pl\/?product_cat=krzesla\" class=\"elementor-sub-item\" tabindex=\"-1\">Krzes\u0142a<\/a><\/li>\n\t\t<li class=\"menu-item menu-item-type-taxonomy menu-item-object-product_cat menu-item-284\"><a href=\"https:\/\/balinesehome.pl\/?product_cat=fotele\" class=\"elementor-sub-item\" tabindex=\"-1\">Fotele<\/a><\/li>\n\t\t<li class=\"menu-item menu-item-type-taxonomy menu-item-object-product_cat menu-item-323\"><a href=\"https:\/\/balinesehome.pl\/?product_cat=hamaki\" class=\"elementor-sub-item\" tabindex=\"-1\">Hamaki<\/a><\/li>\n\t\t<li class=\"menu-item menu-item-type-taxonomy menu-item-object-product_cat menu-item-448\"><a href=\"https:\/\/balinesehome.pl\/?product_cat=stoliki_kawowe\" class=\"elementor-sub-item\" tabindex=\"-1\">Stoliki kawowe<\/a><\/li>\n\t\t<li class=\"menu-item menu-item-type-taxonomy menu-item-object-product_cat menu-item-285\"><a href=\"https:\/\/balinesehome.pl\/?product_cat=hokery\" class=\"elementor-sub-item\" tabindex=\"-1\">Hokery<\/a><\/li>\n\t<\/ul>\n<\/li>\n\t<li class=\"menu-item menu-item-type-taxonomy menu-item-object-product_cat menu-item-383\"><a href=\"https:\/\/balinesehome.pl\/?product_cat=lustra\" class=\"elementor-sub-item\" tabindex=\"-1\">Lustra<\/a><\/li>\n\t<li class=\"menu-item menu-item-type-taxonomy menu-item-object-product_cat menu-item-347\"><a href=\"https:\/\/balinesehome.pl\/?product_cat=oswietlenie\" class=\"elementor-sub-item\" tabindex=\"-1\">O\u015bwietlenie<\/a><\/li>\n\t<li class=\"menu-item menu-item-type-taxonomy menu-item-object-product_cat menu-item-392\"><a href=\"https:\/\/balinesehome.pl\/?product_cat=rzezby\" class=\"elementor-sub-item\" tabindex=\"-1\">Rze\u017aby<\/a><\/li>\n\t<li class=\"menu-item menu-item-type-taxonomy menu-item-object-product_cat menu-item-has-children menu-item-384\"><a href=\"https:\/\/balinesehome.pl\/?product_cat=umywalki\" class=\"elementor-sub-item\" tabindex=\"-1\">Umywalki<\/a>\n\t<ul class=\"sub-menu elementor-nav-menu--dropdown\">\n\t\t<li class=\"menu-item menu-item-type-taxonomy menu-item-object-product_cat menu-item-475\"><a href=\"https:\/\/balinesehome.pl\/?product_cat=onyks\" class=\"elementor-sub-item\" tabindex=\"-1\">Onyks<\/a><\/li>\n\t\t<li class=\"menu-item menu-item-type-taxonomy menu-item-object-product_cat menu-item-385\"><a href=\"https:\/\/balinesehome.pl\/?product_cat=stone\" class=\"elementor-sub-item\" tabindex=\"-1\">Stone<\/a><\/li>\n\t<\/ul>\n<\/li>\n\t<li class=\"menu-item menu-item-type-taxonomy menu-item-object-product_cat menu-item-474\"><a href=\"https:\/\/balinesehome.pl\/?product_cat=terakota\" class=\"elementor-sub-item\" tabindex=\"-1\">Terakota<\/a><\/li>\n<\/ul>\n<\/li>\n<li class=\"menu-item menu-item-type-post_type menu-item-object-page menu-item-155\"><a href=\"https:\/\/balinesehome.pl\/?page_id=79\" class=\"elementor-item\" tabindex=\"-1\">O Nas<\/a><\/li>\n<li class=\"menu-item menu-item-type-post_type menu-item-object-page menu-item-156\"><a href=\"https:\/\/balinesehome.pl\/?page_id=74\" class=\"elementor-item\" tabindex=\"-1\">Kontakt<\/a><\/li>\n<\/ul>\t\t\t<\/nav>\n\t\t\t\t\t\t<\/div>\n\t\t\t\t<\/div>\n\t\t\t\t<\/div>\n\t\t\t\t\t<\/div>\n\t\t\t\t<\/div>\n\t\t<div class=\"elementor-element elementor-element-39223fb e-flex e-con-boxed e-con e-parent\" data-id=\"39223fb\" data-element_type=\"container\" data-e-type=\"container\">\n\t\t\t\t\t<div class=\"e-con-inner\">\n\t\t\t\t<div class=\"elementor-element elementor-element-ddecde3 elementor-widget elementor-widget-text-editor\" data-id=\"ddecde3\" data-element_type=\"widget\" data-e-type=\"widget\" data-widget_type=\"text-editor.default\">\n\t\t\t\t\t\t\t\t\t<h1 data-path-to-node=\"5\">REGULAMIN SKLEPU INTERNETOWEGO BALINESEHOME.PL<\/h1>\n<h2 data-path-to-node=\"6\">I. POSTANOWIENIA OG\u00d3LNE<\/h2>\n<ol start=\"1\" data-path-to-node=\"7\">\n<li>\n<p data-path-to-node=\"7,0,0\">Sklep internetowy dzia\u0142aj\u0105cy pod adresem balinesehome.pl.<\/p>\n<\/li>\n<li>\n<p data-path-to-node=\"7,1,0\">Adres poczty elektronicznej do kontaktu to sklep@balinesehome.pl.<\/p>\n<\/li>\n<li>\n<p data-path-to-node=\"7,2,0\">Niniejszy regulamin okre\u015bla zasady korzystania ze sklepu oraz warunki zawierania um\u00f3w sprzeda\u017cy produkt\u00f3w.<\/p>\n<\/li>\n<li>\n<p data-path-to-node=\"7,3,0\">Klient przed rozpocz\u0119ciem korzystania ze sklepu powinien zapozna\u0107 si\u0119 z tre\u015bci\u0105 niniejszego dokumentu.<\/p>\n<\/li>\n<\/ol>\n<h2 data-path-to-node=\"8\">II. WYMAGANIA TECHNICZNE<\/h2>\n<ol start=\"1\" data-path-to-node=\"9\">\n<li>\n<p data-path-to-node=\"9,0,0\">Do korzystania ze sklepu niezb\u0119dne jest urz\u0105dzenie z dost\u0119pem do internetu oraz przegl\u0105darka internetowa obs\u0142uguj\u0105ca pliki cookies.<\/p>\n<\/li>\n<li>\n<p data-path-to-node=\"9,1,0\">Klient musi posiada\u0107 aktywny adres poczty elektronicznej w celu otrzymywania potwierdze\u0144 zam\u00f3wie\u0144.<\/p>\n<\/li>\n<\/ol>\n<h2 data-path-to-node=\"10\">III. SK\u0141ADANIE ZAM\u00d3WIE\u0143<\/h2>\n<ol start=\"1\" data-path-to-node=\"11\">\n<li>\n<p data-path-to-node=\"11,0,0\">Ceny produkt\u00f3w widoczne na stronie s\u0105 cenami brutto wyra\u017conymi w z\u0142otych polskich.<\/p>\n<\/li>\n<li>\n<p data-path-to-node=\"11,1,0\">Zam\u00f3wienia mo\u017cna sk\u0142ada\u0107 przez ca\u0142\u0105 dob\u0119 za po\u015brednictwem formularza dost\u0119pnego na stronie.<\/p>\n<\/li>\n<li>\n<p data-path-to-node=\"11,2,0\">Umowa sprzeda\u017cy zostaje zawarta w chwili otrzymania przez klienta wiadomo\u015bci e mail potwierdzaj\u0105cej przyj\u0119cie zam\u00f3wienia do realizacji.<\/p>\n<\/li>\n<\/ol>\n<h2 data-path-to-node=\"12\">IV. P\u0141ATNO\u015aCI I DOSTAWA<\/h2>\n<ol start=\"1\" data-path-to-node=\"13\">\n<li>\n<p data-path-to-node=\"13,0,0\">Klient ma do wyboru nast\u0119puj\u0105ce formy p\u0142atno\u015bci: [WYMIE\u0143 NP. PRZELEW TRADYCYJNY, P\u0141ATNO\u015a\u0106 ELEKTRONICZNA BLIK, KARTA P\u0141ATNICZA].<\/p>\n<\/li>\n<li>\n<p data-path-to-node=\"13,1,0\">Koszty dostawy s\u0105 doliczane do ceny produkt\u00f3w i prezentowane klientowi przed finalizacj\u0105 zam\u00f3wienia.<\/p>\n<\/li>\n<li>\n<p data-path-to-node=\"13,2,0\">Termin realizacji zam\u00f3wienia wynosi zazwyczaj [LICZBA] dni roboczych od momentu zaksi\u0119gowania wp\u0142aty.<\/p>\n<\/li>\n<\/ol>\n<h2 data-path-to-node=\"14\">V. PRAWO DO ODST\u0104PIENIA OD UMOWY<\/h2>\n<ol start=\"1\" data-path-to-node=\"15\">\n<li>\n<p data-path-to-node=\"15,0,0\">Klient b\u0119d\u0105cy konsumentem ma prawo odst\u0105pi\u0107 od umowy bez podania przyczyny w terminie 14 dni od dnia otrzymania towaru.<\/p>\n<\/li>\n<li>\n<p data-path-to-node=\"15,1,0\">W celu skorzystania z tego prawa nale\u017cy przes\u0142a\u0107 o\u015bwiadczenie o odst\u0105pieniu na adres e mail podany w punkcie pierwszym.<\/p>\n<\/li>\n<li>\n<p data-path-to-node=\"15,2,0\">Zwrot p\u0142atno\u015bci nast\u0119puje przy u\u017cyciu takiego samego sposobu zap\u0142aty, jakiego u\u017cy\u0142 klient, chyba \u017ce strony ustal\u0105 inaczej.<\/p>\n<\/li>\n<li>\n<p data-path-to-node=\"15,3,0\">Koszt zwrotu towaru do sprzedawcy ponosi klient.<\/p>\n<\/li>\n<\/ol>\n<h2 data-path-to-node=\"16\">VI. REKLAMACJE I R\u0118KOJMIA<\/h2>\n<ol start=\"1\" data-path-to-node=\"17\">\n<li>\n<p data-path-to-node=\"17,0,0\">Sprzedawca jest zobowi\u0105zany dostarczy\u0107 produkt wolny od wad fizycznych oraz prawnych.<\/p>\n<\/li>\n<li>\n<p data-path-to-node=\"17,1,0\">Reklamacje nale\u017cy zg\u0142asza\u0107 pisemnie lub drog\u0105 elektroniczn\u0105.<\/p>\n<\/li>\n<li>\n<p data-path-to-node=\"17,2,0\">Sprzedawca ustosunkuje si\u0119 do reklamacji w terminie 14 dni od dnia jej otrzymania.<\/p>\n<\/li>\n<\/ol>\n<h2 data-path-to-node=\"18\">VII. POZAS\u0104DOWE SPOSOBY ROZSTRZYGANIA SPOR\u00d3W<\/h2>\n<ol start=\"1\" data-path-to-node=\"19\">\n<li>\n<p data-path-to-node=\"19,0,0\">Klient posiada mo\u017cliwo\u015b\u0107 skorzystania z pozas\u0105dowych sposob\u00f3w rozpatrywania reklamacji i dochodzenia roszcze\u0144.<\/p>\n<\/li>\n<li>\n<p data-path-to-node=\"19,1,0\">Informacje o dost\u0119pie do tych procedur znajduj\u0105 si\u0119 w siedzibach oraz na stronach internetowych powiatowych rzecznik\u00f3w konsument\u00f3w.<\/p>\n<\/li>\n<\/ol>\n<h2 data-path-to-node=\"20\">VIII. POSTANOWIENIA KO\u0143COWE<\/h2>\n<ol start=\"1\" data-path-to-node=\"21\">\n<li>\n<p data-path-to-node=\"21,0,0\">Sprzedawca zastrzega sobie prawo do zmiany regulaminu z wa\u017cnych przyczyn technicznych lub prawnych.<\/p>\n<\/li>\n<li>\n<p data-path-to-node=\"21,1,0\">W sprawach nieuregulowanych niniejszym regulaminem maj\u0105 zastosowanie przepisy kodeksu cywilnego.<\/p>\n<\/li>\n<\/ol>\n<hr data-path-to-node=\"22\">\t\t\t\t\t\t\t\t<\/div>\n\t\t\t\t\t<\/div>\n\t\t\t\t<\/div>\n\t\t\t\t<\/div>\n\t\t","protected":false},"excerpt":{"rendered":"<p>REGULAMIN SKLEPU INTERNETOWEGO BALINESEHOME.PL I. POSTANOWIENIA OG\u00d3LNE Sklep internetowy dzia\u0142aj\u0105cy pod adresem balinesehome.pl. Adres poczty elektronicznej do kontaktu to sklep@balinesehome.pl. Niniejszy regulamin okre\u015bla zasady korzystania ze sklepu oraz warunki zawierania um\u00f3w sprzeda\u017cy produkt\u00f3w. Klient przed rozpocz\u0119ciem korzystania ze sklepu powinien zapozna\u0107 si\u0119 z tre\u015bci\u0105 niniejszego dokumentu. II. WYMAGANIA TECHNICZNE Do korzystania ze sklepu niezb\u0119dne jest [&hellip;]<\/p>\n","protected":false},"author":1,"featured_media":0,"parent":0,"menu_order":0,"comment_status":"closed","ping_status":"closed","template":"","meta":{"_exactmetrics_skip_tracking":false,"_exactmetrics_sitenote_active":false,"_exactmetrics_sitenote_note":"","_exactmetrics_sitenote_category":0,"footnotes":""},"class_list":["post-751","page","type-page","status-publish","hentry"],"_links":{"self":[{"href":"https:\/\/balinesehome.pl\/index.php?rest_route=\/wp\/v2\/pages\/751","targetHints":{"allow":["GET"]}}],"collection":[{"href":"https:\/\/balinesehome.pl\/index.php?rest_route=\/wp\/v2\/pages"}],"about":[{"href":"https:\/\/balinesehome.pl\/index.php?rest_route=\/wp\/v2\/types\/page"}],"author":[{"embeddable":true,"href":"https:\/\/balinesehome.pl\/index.php?rest_route=\/wp\/v2\/users\/1"}],"replies":[{"embeddable":true,"href":"https:\/\/balinesehome.pl\/index.php?rest_route=%2Fwp%2Fv2%2Fcomments&post=751"}],"version-history":[{"count":7,"href":"https:\/\/balinesehome.pl\/index.php?rest_route=\/wp\/v2\/pages\/751\/revisions"}],"predecessor-version":[{"id":759,"href":"https:\/\/balinesehome.pl\/index.php?rest_route=\/wp\/v2\/pages\/751\/revisions\/759"}],"wp:attachment":[{"href":"https:\/\/balinesehome.pl\/index.php?rest_route=%2Fwp%2Fv2%2Fmedia&parent=751"}],"curies":[{"name":"wp","href":"https:\/\/api.w.org\/{rel}","templated":true}]}}