{"id":134,"date":"2026-03-17T19:57:41","date_gmt":"2026-03-17T19:57:41","guid":{"rendered":"http:\/\/idon"},"modified":"2026-03-26T13:10:46","modified_gmt":"2026-03-26T13:10:46","slug":"coffee-cups","status":"publish","type":"product","link":"https:\/\/balinesehome.pl\/?product=coffee-cups","title":{"rendered":"Daybed round resa"},"content":{"rendered":"","protected":false},"excerpt":{"rendered":"<p>Przestronny okr\u0105g\u0142y fotel dzienny wykonany w ca\u0142o\u015bci z naturalnego rattanu. To doskona\u0142y wyb\u00f3r dla os\u00f3b pragn\u0105cych stworzy\u0107 luksusow\u0105 stref\u0119 relaksu w swoim ogrodzie lub na tarasie. Unikalny splot oraz solidna konstrukcja gwarantuj\u0105 nie tylko niesamowity komfort podczas popo\u0142udniowych drzemek, ale tak\u017ce niezwyk\u0142\u0105 trwa\u0142o\u015b\u0107 na lata. Mebel ten wprowadzi do twojej przestrzeni autentyczny balijski klimat i sprawi, \u017ce poczujesz si\u0119 jak na egzotycznych wakacjach.<\/p>\n<p>&lt;br&gt;<\/p>\n<p>Wymiary: D90 x H145<\/p>\n","protected":false},"featured_media":436,"template":"","meta":{"_exactmetrics_skip_tracking":false,"_exactmetrics_sitenote_active":false,"_exactmetrics_sitenote_note":"","_exactmetrics_sitenote_category":0},"product_brand":[],"product_cat":[30,26],"product_tag":[],"class_list":{"0":"post-134","1":"product","2":"type-product","3":"status-publish","4":"has-post-thumbnail","6":"product_cat-fotele","7":"product_cat-meble","9":"first","10":"instock","11":"shipping-taxable","12":"purchasable","13":"product-type-simple"},"_links":{"self":[{"href":"https:\/\/balinesehome.pl\/index.php?rest_route=\/wp\/v2\/product\/134","targetHints":{"allow":["GET"]}}],"collection":[{"href":"https:\/\/balinesehome.pl\/index.php?rest_route=\/wp\/v2\/product"}],"about":[{"href":"https:\/\/balinesehome.pl\/index.php?rest_route=\/wp\/v2\/types\/product"}],"wp:featuredmedia":[{"embeddable":true,"href":"https:\/\/balinesehome.pl\/index.php?rest_route=\/wp\/v2\/media\/436"}],"wp:attachment":[{"href":"https:\/\/balinesehome.pl\/index.php?rest_route=%2Fwp%2Fv2%2Fmedia&parent=134"}],"wp:term":[{"taxonomy":"product_brand","embeddable":true,"href":"https:\/\/balinesehome.pl\/index.php?rest_route=%2Fwp%2Fv2%2Fproduct_brand&post=134"},{"taxonomy":"product_cat","embeddable":true,"href":"https:\/\/balinesehome.pl\/index.php?rest_route=%2Fwp%2Fv2%2Fproduct_cat&post=134"},{"taxonomy":"product_tag","embeddable":true,"href":"https:\/\/balinesehome.pl\/index.php?rest_route=%2Fwp%2Fv2%2Fproduct_tag&post=134"}],"curies":[{"name":"wp","href":"https:\/\/api.w.org\/{rel}","templated":true}]}}