{"id":277,"date":"2026-03-20T19:55:18","date_gmt":"2026-03-20T19:55:18","guid":{"rendered":"https:\/\/balinesehome.pl\/?post_type=product&#038;p=277"},"modified":"2026-04-08T11:09:34","modified_gmt":"2026-04-08T11:09:34","slug":"barstool-lamaison","status":"publish","type":"product","link":"https:\/\/balinesehome.pl\/?product=barstool-lamaison","title":{"rendered":"Barstool Lamaison"},"content":{"rendered":"","protected":false},"excerpt":{"rendered":"<p>Bardzo elegancki sto\u0142ek barowy o klasycznym designie kt\u00f3ry perfekcyjnie odnajdzie si\u0119 zar\u00f3wno w nowoczesnych jak i rustykalnych wn\u0119trzach. Zosta\u0142 zaprojektowany z my\u015bl\u0105 o maksymalnej wygodzie u\u017cytkowania przy kuchennej wyspie lub domowym barku. Odpowiednio wyprofilowane siedzisko pozwala na sp\u0119dzanie d\u0142ugich godzin na rozmowach z bliskimi a naturalne wyko\u0144czenie dodaje pomieszczeniu ciep\u0142a oraz wyj\u0105tkowego charakteru.<\/p>\n","protected":false},"featured_media":417,"template":"","meta":{"_exactmetrics_skip_tracking":false,"_exactmetrics_sitenote_active":false,"_exactmetrics_sitenote_note":"","_exactmetrics_sitenote_category":0},"product_brand":[],"product_cat":[32,26],"product_tag":[],"class_list":{"0":"post-277","1":"product","2":"type-product","3":"status-publish","4":"has-post-thumbnail","6":"product_cat-hokery","7":"product_cat-meble","9":"first","10":"instock","11":"shipping-taxable","12":"purchasable","13":"product-type-simple"},"_links":{"self":[{"href":"https:\/\/balinesehome.pl\/index.php?rest_route=\/wp\/v2\/product\/277","targetHints":{"allow":["GET"]}}],"collection":[{"href":"https:\/\/balinesehome.pl\/index.php?rest_route=\/wp\/v2\/product"}],"about":[{"href":"https:\/\/balinesehome.pl\/index.php?rest_route=\/wp\/v2\/types\/product"}],"wp:featuredmedia":[{"embeddable":true,"href":"https:\/\/balinesehome.pl\/index.php?rest_route=\/wp\/v2\/media\/417"}],"wp:attachment":[{"href":"https:\/\/balinesehome.pl\/index.php?rest_route=%2Fwp%2Fv2%2Fmedia&parent=277"}],"wp:term":[{"taxonomy":"product_brand","embeddable":true,"href":"https:\/\/balinesehome.pl\/index.php?rest_route=%2Fwp%2Fv2%2Fproduct_brand&post=277"},{"taxonomy":"product_cat","embeddable":true,"href":"https:\/\/balinesehome.pl\/index.php?rest_route=%2Fwp%2Fv2%2Fproduct_cat&post=277"},{"taxonomy":"product_tag","embeddable":true,"href":"https:\/\/balinesehome.pl\/index.php?rest_route=%2Fwp%2Fv2%2Fproduct_tag&post=277"}],"curies":[{"name":"wp","href":"https:\/\/api.w.org\/{rel}","templated":true}]}}