{"id":287,"date":"2026-03-20T20:25:46","date_gmt":"2026-03-20T20:25:46","guid":{"rendered":"https:\/\/balinesehome.pl\/?post_type=product&#038;p=287"},"modified":"2026-03-30T11:33:47","modified_gmt":"2026-03-30T11:33:47","slug":"sedan-tumpuk","status":"publish","type":"product","link":"https:\/\/balinesehome.pl\/?product=sedan-tumpuk","title":{"rendered":"Sedan Tumpuk"},"content":{"rendered":"","protected":false},"excerpt":{"rendered":"<p>Wyj\u0105tkowo wygodny fotel wyr\u00f3\u017cniaj\u0105cy si\u0119 niepowtarzalnym kube\u0142kowym kszta\u0142tem. Jest to absolutny strza\u0142 w dziesi\u0105tk\u0119 je\u015bli szukasz oryginalnego akcentu do swojego salonu sypialni czy zadaszonego patio. Ergonomiczna forma sprawia \u017ce mebel ten dos\u0142ownie otula cia\u0142o zapewniaj\u0105c najwy\u017cszy poziom wypoczynku po ci\u0119\u017ckim dniu. Naturalne materia\u0142y u\u017cyte do produkcji podkre\u015blaj\u0105 rzemie\u015blniczy rodow\u00f3d tego unikalnego projektu.<\/p>\n<p>Wymiary:<\/p>\n<p>H78xW79xD80<\/p>\n<p>Na ka\u017cdy produkt przypada poduszka\/siedzisko w kolorze ecru na wymiar.<\/p>\n","protected":false},"featured_media":289,"template":"","meta":{"_exactmetrics_skip_tracking":false,"_exactmetrics_sitenote_active":false,"_exactmetrics_sitenote_note":"","_exactmetrics_sitenote_category":0},"product_brand":[],"product_cat":[30,26],"product_tag":[],"class_list":{"0":"post-287","1":"product","2":"type-product","3":"status-publish","4":"has-post-thumbnail","6":"product_cat-fotele","7":"product_cat-meble","9":"first","10":"instock","11":"shipping-taxable","12":"purchasable","13":"product-type-simple"},"_links":{"self":[{"href":"https:\/\/balinesehome.pl\/index.php?rest_route=\/wp\/v2\/product\/287","targetHints":{"allow":["GET"]}}],"collection":[{"href":"https:\/\/balinesehome.pl\/index.php?rest_route=\/wp\/v2\/product"}],"about":[{"href":"https:\/\/balinesehome.pl\/index.php?rest_route=\/wp\/v2\/types\/product"}],"wp:featuredmedia":[{"embeddable":true,"href":"https:\/\/balinesehome.pl\/index.php?rest_route=\/wp\/v2\/media\/289"}],"wp:attachment":[{"href":"https:\/\/balinesehome.pl\/index.php?rest_route=%2Fwp%2Fv2%2Fmedia&parent=287"}],"wp:term":[{"taxonomy":"product_brand","embeddable":true,"href":"https:\/\/balinesehome.pl\/index.php?rest_route=%2Fwp%2Fv2%2Fproduct_brand&post=287"},{"taxonomy":"product_cat","embeddable":true,"href":"https:\/\/balinesehome.pl\/index.php?rest_route=%2Fwp%2Fv2%2Fproduct_cat&post=287"},{"taxonomy":"product_tag","embeddable":true,"href":"https:\/\/balinesehome.pl\/index.php?rest_route=%2Fwp%2Fv2%2Fproduct_tag&post=287"}],"curies":[{"name":"wp","href":"https:\/\/api.w.org\/{rel}","templated":true}]}}