{"id":292,"date":"2026-03-20T20:38:46","date_gmt":"2026-03-20T20:38:46","guid":{"rendered":"https:\/\/balinesehome.pl\/?post_type=product&#038;p=292"},"modified":"2026-03-30T11:38:26","modified_gmt":"2026-03-30T11:38:26","slug":"dining-ana-rattan","status":"publish","type":"product","link":"https:\/\/balinesehome.pl\/?product=dining-ana-rattan","title":{"rendered":"Dining Ana Rattan"},"content":{"rendered":"","protected":false},"excerpt":{"rendered":"<ol>\n<li>Przepi\u0119kne krzes\u0142o jadalniane wykonane z najwy\u017cszej jako\u015bci naturalnego rattanu. Zastosowany tutaj a\u017curowy wz\u00f3r z otworami nadaje ca\u0142ej konstrukcji niesamowitej lekko\u015bci i subtelno\u015bci. Krzes\u0142o nie tylko pi\u0119knie prezentuje si\u0119 przy drewnianym stole ale r\u00f3wnie\u017c oferuje niebywa\u0142y komfort siedzenia podczas d\u0142ugich rodzinnych obiad\u00f3w. To prawdziwe dzie\u0142o sztuki u\u017cytkowej kt\u00f3re zachwyci wszystkich twoich go\u015bci.<\/li>\n<\/ol>\n<p>Wymiary:<\/p>\n<p>H89xW51xD49<\/p>\n<p>Na ka\u017cdy produkt przypada poduszka\/siedzisko w kolorze ecru na wymiar.<\/p>\n","protected":false},"featured_media":343,"template":"","meta":{"_exactmetrics_skip_tracking":false,"_exactmetrics_sitenote_active":false,"_exactmetrics_sitenote_note":"","_exactmetrics_sitenote_category":0},"product_brand":[],"product_cat":[33,26],"product_tag":[],"class_list":{"0":"post-292","1":"product","2":"type-product","3":"status-publish","4":"has-post-thumbnail","6":"product_cat-krzesla","7":"product_cat-meble","9":"first","10":"instock","11":"shipping-taxable","12":"purchasable","13":"product-type-simple"},"_links":{"self":[{"href":"https:\/\/balinesehome.pl\/index.php?rest_route=\/wp\/v2\/product\/292","targetHints":{"allow":["GET"]}}],"collection":[{"href":"https:\/\/balinesehome.pl\/index.php?rest_route=\/wp\/v2\/product"}],"about":[{"href":"https:\/\/balinesehome.pl\/index.php?rest_route=\/wp\/v2\/types\/product"}],"wp:featuredmedia":[{"embeddable":true,"href":"https:\/\/balinesehome.pl\/index.php?rest_route=\/wp\/v2\/media\/343"}],"wp:attachment":[{"href":"https:\/\/balinesehome.pl\/index.php?rest_route=%2Fwp%2Fv2%2Fmedia&parent=292"}],"wp:term":[{"taxonomy":"product_brand","embeddable":true,"href":"https:\/\/balinesehome.pl\/index.php?rest_route=%2Fwp%2Fv2%2Fproduct_brand&post=292"},{"taxonomy":"product_cat","embeddable":true,"href":"https:\/\/balinesehome.pl\/index.php?rest_route=%2Fwp%2Fv2%2Fproduct_cat&post=292"},{"taxonomy":"product_tag","embeddable":true,"href":"https:\/\/balinesehome.pl\/index.php?rest_route=%2Fwp%2Fv2%2Fproduct_tag&post=292"}],"curies":[{"name":"wp","href":"https:\/\/api.w.org\/{rel}","templated":true}]}}