{"id":294,"date":"2026-03-20T20:39:32","date_gmt":"2026-03-20T20:39:32","guid":{"rendered":"https:\/\/balinesehome.pl\/?post_type=product&#038;p=294"},"modified":"2026-03-30T11:37:44","modified_gmt":"2026-03-30T11:37:44","slug":"hanging-palm","status":"publish","type":"product","link":"https:\/\/balinesehome.pl\/?product=hanging-palm","title":{"rendered":"Hanging Palm"},"content":{"rendered":"","protected":false},"excerpt":{"rendered":"<p>Zjawiskowy fotel wisz\u0105cy, kt\u00f3rego kszta\u0142t zosta\u0142 bezpo\u015brednio zainspirowany roz\u0142o\u017cystymi li\u015b\u0107mi tropikalnej palmy. Stanowi on absolutny hit w aran\u017cacji stref relaksu pozwalaj\u0105c na swobodne bujanie si\u0119 i ca\u0142kowite odpr\u0119\u017cenie. Doskonale sprawdzi si\u0119 na werandzie w ogrodzie zimowym, a nawet w przestronnym salonie jako g\u0142\u00f3wny punkt dekoracyjny. Po\u0142\u0105czenie niesamowitej wygody z zachwycaj\u0105cym stylem boho.<\/p>\n<p>Wymiary:<\/p>\n<p>H130xW83xD68<\/p>\n<p>Na ka\u017cdy produkt przypada poduszka\/siedzisko \u00a0w kolorze ecru na wymiar.<\/p>\n","protected":false},"featured_media":344,"template":"","meta":{"_exactmetrics_skip_tracking":false,"_exactmetrics_sitenote_active":false,"_exactmetrics_sitenote_note":"","_exactmetrics_sitenote_category":0},"product_brand":[],"product_cat":[31,26],"product_tag":[],"class_list":{"0":"post-294","1":"product","2":"type-product","3":"status-publish","4":"has-post-thumbnail","6":"product_cat-hamaki","7":"product_cat-meble","9":"first","10":"instock","11":"shipping-taxable","12":"purchasable","13":"product-type-simple"},"_links":{"self":[{"href":"https:\/\/balinesehome.pl\/index.php?rest_route=\/wp\/v2\/product\/294","targetHints":{"allow":["GET"]}}],"collection":[{"href":"https:\/\/balinesehome.pl\/index.php?rest_route=\/wp\/v2\/product"}],"about":[{"href":"https:\/\/balinesehome.pl\/index.php?rest_route=\/wp\/v2\/types\/product"}],"wp:featuredmedia":[{"embeddable":true,"href":"https:\/\/balinesehome.pl\/index.php?rest_route=\/wp\/v2\/media\/344"}],"wp:attachment":[{"href":"https:\/\/balinesehome.pl\/index.php?rest_route=%2Fwp%2Fv2%2Fmedia&parent=294"}],"wp:term":[{"taxonomy":"product_brand","embeddable":true,"href":"https:\/\/balinesehome.pl\/index.php?rest_route=%2Fwp%2Fv2%2Fproduct_brand&post=294"},{"taxonomy":"product_cat","embeddable":true,"href":"https:\/\/balinesehome.pl\/index.php?rest_route=%2Fwp%2Fv2%2Fproduct_cat&post=294"},{"taxonomy":"product_tag","embeddable":true,"href":"https:\/\/balinesehome.pl\/index.php?rest_route=%2Fwp%2Fv2%2Fproduct_tag&post=294"}],"curies":[{"name":"wp","href":"https:\/\/api.w.org\/{rel}","templated":true}]}}