{"id":295,"date":"2026-03-20T20:41:59","date_gmt":"2026-03-20T20:41:59","guid":{"rendered":"https:\/\/balinesehome.pl\/?post_type=product&#038;p=295"},"modified":"2026-03-30T11:36:51","modified_gmt":"2026-03-30T11:36:51","slug":"snake-chair","status":"publish","type":"product","link":"https:\/\/balinesehome.pl\/?product=snake-chair","title":{"rendered":"Snake Chair"},"content":{"rendered":"","protected":false},"excerpt":{"rendered":"<p>Designerskie krzes\u0142o przyci\u0105gaj\u0105ce wzrok swoj\u0105 niesamowit\u0105 p\u0142ynn\u0105 lini\u0105 nawi\u0105zuj\u0105c\u0105 do w\u0119\u017cowych splot\u00f3w. To odwa\u017cny i nowoczesny element wyposa\u017cenia kt\u00f3ry natychmiast nada twojej przestrzeni zupe\u0142nie niepowtarzalny i awangardowy charakter. Idealnie sprawdzi si\u0119 jako solowy akcent w minimalistycznym wn\u0119trzu lub jako cz\u0119\u015b\u0107 wi\u0119kszej ekstrawaganckiej kompozycji. Wyprofilowane oparcie dba o prawid\u0142ow\u0105 postaw\u0119 cia\u0142a.<\/p>\n<p>&nbsp;<\/p>\n<p>Wymiary:<\/p>\n<p>H85xW62xD90<\/p>\n<p>Na ka\u017cdy produkt przypada poduszka\/siedzisko w kolorze ecru na wymiar.<\/p>\n","protected":false},"featured_media":432,"template":"","meta":{"_exactmetrics_skip_tracking":false,"_exactmetrics_sitenote_active":false,"_exactmetrics_sitenote_note":"","_exactmetrics_sitenote_category":0},"product_brand":[],"product_cat":[30,26],"product_tag":[],"class_list":{"0":"post-295","1":"product","2":"type-product","3":"status-publish","4":"has-post-thumbnail","6":"product_cat-fotele","7":"product_cat-meble","9":"first","10":"instock","11":"shipping-taxable","12":"purchasable","13":"product-type-simple"},"_links":{"self":[{"href":"https:\/\/balinesehome.pl\/index.php?rest_route=\/wp\/v2\/product\/295","targetHints":{"allow":["GET"]}}],"collection":[{"href":"https:\/\/balinesehome.pl\/index.php?rest_route=\/wp\/v2\/product"}],"about":[{"href":"https:\/\/balinesehome.pl\/index.php?rest_route=\/wp\/v2\/types\/product"}],"wp:featuredmedia":[{"embeddable":true,"href":"https:\/\/balinesehome.pl\/index.php?rest_route=\/wp\/v2\/media\/432"}],"wp:attachment":[{"href":"https:\/\/balinesehome.pl\/index.php?rest_route=%2Fwp%2Fv2%2Fmedia&parent=295"}],"wp:term":[{"taxonomy":"product_brand","embeddable":true,"href":"https:\/\/balinesehome.pl\/index.php?rest_route=%2Fwp%2Fv2%2Fproduct_brand&post=295"},{"taxonomy":"product_cat","embeddable":true,"href":"https:\/\/balinesehome.pl\/index.php?rest_route=%2Fwp%2Fv2%2Fproduct_cat&post=295"},{"taxonomy":"product_tag","embeddable":true,"href":"https:\/\/balinesehome.pl\/index.php?rest_route=%2Fwp%2Fv2%2Fproduct_tag&post=295"}],"curies":[{"name":"wp","href":"https:\/\/api.w.org\/{rel}","templated":true}]}}