{"id":299,"date":"2026-03-20T20:42:31","date_gmt":"2026-03-20T20:42:31","guid":{"rendered":"https:\/\/balinesehome.pl\/?post_type=product&#038;p=299"},"modified":"2026-03-30T11:36:03","modified_gmt":"2026-03-30T11:36:03","slug":"cafe-singapur-diamond","status":"publish","type":"product","link":"https:\/\/balinesehome.pl\/?product=cafe-singapur-diamond","title":{"rendered":"Cafe Singapur Diamond"},"content":{"rendered":"","protected":false},"excerpt":{"rendered":"<p>Stylowe krzes\u0142o kawiarniane wykonane z bardzo wytrzyma\u0142ego materia\u0142u syntetycznego. Uwag\u0119 zwraca przepi\u0119kny geometryczny wz\u00f3r w romby utrzymany w kontrastowej kolorystyce. Dzi\u0119ki zastosowaniu materia\u0142\u00f3w odpornych na zmienne warunki atmosferyczne jest to idealny wyb\u00f3r na zewn\u0119trzny taras balkon czy do ogr\u00f3dka kawiarnianego. \u0141atwe w czyszczeniu i niezwykle praktyczne w codziennym u\u017cytkowaniu.<\/p>\n<p>Wymiary:<\/p>\n<p>H99xW52xD55<\/p>\n<p>Na ka\u017cdy produkt przypada poduszka\/siedzisko w kolorze ecru na wymiar.<\/p>\n","protected":false},"featured_media":420,"template":"","meta":{"_exactmetrics_skip_tracking":false,"_exactmetrics_sitenote_active":false,"_exactmetrics_sitenote_note":"","_exactmetrics_sitenote_category":0},"product_brand":[],"product_cat":[33,26],"product_tag":[],"class_list":{"0":"post-299","1":"product","2":"type-product","3":"status-publish","4":"has-post-thumbnail","6":"product_cat-krzesla","7":"product_cat-meble","9":"first","10":"instock","11":"shipping-taxable","12":"purchasable","13":"product-type-simple"},"_links":{"self":[{"href":"https:\/\/balinesehome.pl\/index.php?rest_route=\/wp\/v2\/product\/299","targetHints":{"allow":["GET"]}}],"collection":[{"href":"https:\/\/balinesehome.pl\/index.php?rest_route=\/wp\/v2\/product"}],"about":[{"href":"https:\/\/balinesehome.pl\/index.php?rest_route=\/wp\/v2\/types\/product"}],"wp:featuredmedia":[{"embeddable":true,"href":"https:\/\/balinesehome.pl\/index.php?rest_route=\/wp\/v2\/media\/420"}],"wp:attachment":[{"href":"https:\/\/balinesehome.pl\/index.php?rest_route=%2Fwp%2Fv2%2Fmedia&parent=299"}],"wp:term":[{"taxonomy":"product_brand","embeddable":true,"href":"https:\/\/balinesehome.pl\/index.php?rest_route=%2Fwp%2Fv2%2Fproduct_brand&post=299"},{"taxonomy":"product_cat","embeddable":true,"href":"https:\/\/balinesehome.pl\/index.php?rest_route=%2Fwp%2Fv2%2Fproduct_cat&post=299"},{"taxonomy":"product_tag","embeddable":true,"href":"https:\/\/balinesehome.pl\/index.php?rest_route=%2Fwp%2Fv2%2Fproduct_tag&post=299"}],"curies":[{"name":"wp","href":"https:\/\/api.w.org\/{rel}","templated":true}]}}