{"id":341,"date":"2026-03-20T21:25:19","date_gmt":"2026-03-20T21:25:19","guid":{"rendered":"https:\/\/balinesehome.pl\/?post_type=product&#038;p=341"},"modified":"2026-04-14T15:16:23","modified_gmt":"2026-04-14T15:16:23","slug":"dining-ana-synthetic","status":"publish","type":"product","link":"https:\/\/balinesehome.pl\/?product=dining-ana-synthetic","title":{"rendered":"Dining Ana Synthetic"},"content":{"rendered":"","protected":false},"excerpt":{"rendered":"<p>Praktyczne i bardzo trwa\u0142e krzes\u0142o jadalniane w kt\u00f3rym naturalny rattan zast\u0105piono mocnym syntetycznym splotem. Ozdobione zosta\u0142o pi\u0119knymi kwiatowymi motywami kt\u00f3re o\u017cywi\u0105 ka\u017cd\u0105 jadalni\u0119 lub przydomowy taras. Jest to mebel \u0142\u0105cz\u0105cy w sobie orientaln\u0105 estetyk\u0119 z nowoczesn\u0105 funkcjonalno\u015bci\u0105 dzi\u0119ki czemu pos\u0142u\u017cy w idealnym stanie przez wiele d\u0142ugich sezon\u00f3w nie wymagaj\u0105c przy tym specjalistycznej konserwacji.<\/p>\n<p>Wymiary:<\/p>\n<p>H89xW51xD49<\/p>\n<p>Na ka\u017cdy produkt przypada poduszka\/siedzisko w kolorze ecru na wymiar.<\/p>\n","protected":false},"featured_media":505,"template":"","meta":{"_exactmetrics_skip_tracking":false,"_exactmetrics_sitenote_active":false,"_exactmetrics_sitenote_note":"","_exactmetrics_sitenote_category":0},"product_brand":[],"product_cat":[33,26],"product_tag":[],"class_list":{"0":"post-341","1":"product","2":"type-product","3":"status-publish","4":"has-post-thumbnail","6":"product_cat-krzesla","7":"product_cat-meble","9":"first","10":"instock","11":"shipping-taxable","12":"purchasable","13":"product-type-simple"},"_links":{"self":[{"href":"https:\/\/balinesehome.pl\/index.php?rest_route=\/wp\/v2\/product\/341","targetHints":{"allow":["GET"]}}],"collection":[{"href":"https:\/\/balinesehome.pl\/index.php?rest_route=\/wp\/v2\/product"}],"about":[{"href":"https:\/\/balinesehome.pl\/index.php?rest_route=\/wp\/v2\/types\/product"}],"wp:featuredmedia":[{"embeddable":true,"href":"https:\/\/balinesehome.pl\/index.php?rest_route=\/wp\/v2\/media\/505"}],"wp:attachment":[{"href":"https:\/\/balinesehome.pl\/index.php?rest_route=%2Fwp%2Fv2%2Fmedia&parent=341"}],"wp:term":[{"taxonomy":"product_brand","embeddable":true,"href":"https:\/\/balinesehome.pl\/index.php?rest_route=%2Fwp%2Fv2%2Fproduct_brand&post=341"},{"taxonomy":"product_cat","embeddable":true,"href":"https:\/\/balinesehome.pl\/index.php?rest_route=%2Fwp%2Fv2%2Fproduct_cat&post=341"},{"taxonomy":"product_tag","embeddable":true,"href":"https:\/\/balinesehome.pl\/index.php?rest_route=%2Fwp%2Fv2%2Fproduct_tag&post=341"}],"curies":[{"name":"wp","href":"https:\/\/api.w.org\/{rel}","templated":true}]}}