{"id":346,"date":"2026-03-21T03:54:43","date_gmt":"2026-03-21T03:54:43","guid":{"rendered":"https:\/\/balinesehome.pl\/?post_type=product&#038;p=346"},"modified":"2026-04-03T06:40:48","modified_gmt":"2026-04-03T06:40:48","slug":"lampy-kuba","status":"publish","type":"product","link":"https:\/\/balinesehome.pl\/?product=lampy-kuba","title":{"rendered":"Lampa Kuba"},"content":{"rendered":"","protected":false},"excerpt":{"rendered":"<p>Komplet niezwykle stylowych lamp wyr\u00f3\u017cniaj\u0105cych si\u0119 tradycyjnym balijskim wzornictwem. Ich unikalna struktura sprawia \u017ce emituj\u0105 one bardzo ciep\u0142e i delikatnie rozproszone \u015bwiat\u0142o tworz\u0105c we wn\u0119trzu niesamowicie przytulny oraz romantyczny klimat. Idealnie nadaj\u0105 si\u0119 do zawieszenia nad sto\u0142em w jadalni lub jako o\u015bwietlenie nastrojowe w sypialni. Wprowadzaj\u0105 aur\u0119 spokoju i harmonii prosto z indonezyjskiej wyspy.<\/p>\n<p>Dost\u0119pno\u015b\u0107 5 komplet\u00f3w. Ka\u017cdy komplet zawiera 3sztuki lamp. Mo\u017cliwa sprzeda\u017c pojedynczych sztuk. Wymiary<\/p>\n<p>Du\u017cy aba\u017cur<\/p>\n<p>D75xH65<\/p>\n<p>\u015aredni aba\u017cur<\/p>\n<p>D59xH52<\/p>\n<p>Ma\u0142y aba\u017cur<\/p>\n<p>D46xH43<\/p>\n","protected":false},"featured_media":684,"template":"","meta":{"_exactmetrics_skip_tracking":false,"_exactmetrics_sitenote_active":false,"_exactmetrics_sitenote_note":"","_exactmetrics_sitenote_category":0},"product_brand":[],"product_cat":[36],"product_tag":[],"class_list":{"0":"post-346","1":"product","2":"type-product","3":"status-publish","4":"has-post-thumbnail","6":"product_cat-oswietlenie","8":"first","9":"instock","10":"shipping-taxable","11":"purchasable","12":"product-type-simple"},"_links":{"self":[{"href":"https:\/\/balinesehome.pl\/index.php?rest_route=\/wp\/v2\/product\/346","targetHints":{"allow":["GET"]}}],"collection":[{"href":"https:\/\/balinesehome.pl\/index.php?rest_route=\/wp\/v2\/product"}],"about":[{"href":"https:\/\/balinesehome.pl\/index.php?rest_route=\/wp\/v2\/types\/product"}],"wp:featuredmedia":[{"embeddable":true,"href":"https:\/\/balinesehome.pl\/index.php?rest_route=\/wp\/v2\/media\/684"}],"wp:attachment":[{"href":"https:\/\/balinesehome.pl\/index.php?rest_route=%2Fwp%2Fv2%2Fmedia&parent=346"}],"wp:term":[{"taxonomy":"product_brand","embeddable":true,"href":"https:\/\/balinesehome.pl\/index.php?rest_route=%2Fwp%2Fv2%2Fproduct_brand&post=346"},{"taxonomy":"product_cat","embeddable":true,"href":"https:\/\/balinesehome.pl\/index.php?rest_route=%2Fwp%2Fv2%2Fproduct_cat&post=346"},{"taxonomy":"product_tag","embeddable":true,"href":"https:\/\/balinesehome.pl\/index.php?rest_route=%2Fwp%2Fv2%2Fproduct_tag&post=346"}],"curies":[{"name":"wp","href":"https:\/\/api.w.org\/{rel}","templated":true}]}}