{"id":349,"date":"2026-03-21T08:33:30","date_gmt":"2026-03-21T08:33:30","guid":{"rendered":"https:\/\/balinesehome.pl\/?post_type=product&#038;p=349"},"modified":"2026-03-30T11:34:35","modified_gmt":"2026-03-30T11:34:35","slug":"dining-putu-ayu","status":"publish","type":"product","link":"https:\/\/balinesehome.pl\/?product=dining-putu-ayu","title":{"rendered":"Dining Putu Ayu"},"content":{"rendered":"","protected":false},"excerpt":{"rendered":"<blockquote><p>Klasyczne i ponadczasowe krzes\u0142o jadalniane kt\u00f3re jest kwintesencj\u0105 balijskiego rzemios\u0142a. Projekt ten doskonale \u0142\u0105czy w sobie prostot\u0119 formy z naturalnym pi\u0119knem u\u017cytych surowc\u00f3w. Zapewnia wygodne podparcie dla plec\u00f3w i \u015bwietnie komponuje si\u0119 z masywnymi drewnianymi sto\u0142ami. To propozycja dla os\u00f3b ceni\u0105cych sobie minimalizm autentyczno\u015b\u0107 oraz ekologiczne podej\u015bcie do aran\u017cacji swoich domowych wn\u0119trz.<\/p><\/blockquote>\n<p>wymiary: H94xW46x53<\/p>\n<p>dost\u0119pno\u015b\u0107: 20szt.<\/p>\n<p>Na ka\u017cdy produkt przypada poduszka\/siedzisko w kolorze ecru na wymiar.<\/p>\n","protected":false},"featured_media":447,"template":"","meta":{"_exactmetrics_skip_tracking":false,"_exactmetrics_sitenote_active":false,"_exactmetrics_sitenote_note":"","_exactmetrics_sitenote_category":0},"product_brand":[],"product_cat":[33,26],"product_tag":[],"class_list":{"0":"post-349","1":"product","2":"type-product","3":"status-publish","4":"has-post-thumbnail","6":"product_cat-krzesla","7":"product_cat-meble","9":"first","10":"instock","11":"shipping-taxable","12":"purchasable","13":"product-type-simple"},"_links":{"self":[{"href":"https:\/\/balinesehome.pl\/index.php?rest_route=\/wp\/v2\/product\/349","targetHints":{"allow":["GET"]}}],"collection":[{"href":"https:\/\/balinesehome.pl\/index.php?rest_route=\/wp\/v2\/product"}],"about":[{"href":"https:\/\/balinesehome.pl\/index.php?rest_route=\/wp\/v2\/types\/product"}],"wp:featuredmedia":[{"embeddable":true,"href":"https:\/\/balinesehome.pl\/index.php?rest_route=\/wp\/v2\/media\/447"}],"wp:attachment":[{"href":"https:\/\/balinesehome.pl\/index.php?rest_route=%2Fwp%2Fv2%2Fmedia&parent=349"}],"wp:term":[{"taxonomy":"product_brand","embeddable":true,"href":"https:\/\/balinesehome.pl\/index.php?rest_route=%2Fwp%2Fv2%2Fproduct_brand&post=349"},{"taxonomy":"product_cat","embeddable":true,"href":"https:\/\/balinesehome.pl\/index.php?rest_route=%2Fwp%2Fv2%2Fproduct_cat&post=349"},{"taxonomy":"product_tag","embeddable":true,"href":"https:\/\/balinesehome.pl\/index.php?rest_route=%2Fwp%2Fv2%2Fproduct_tag&post=349"}],"curies":[{"name":"wp","href":"https:\/\/api.w.org\/{rel}","templated":true}]}}