{"id":351,"date":"2026-03-21T08:35:14","date_gmt":"2026-03-21T08:35:14","guid":{"rendered":"https:\/\/balinesehome.pl\/?post_type=product&#038;p=351"},"modified":"2026-03-26T20:23:40","modified_gmt":"2026-03-26T20:23:40","slug":"coffee-table-fish-galaran","status":"publish","type":"product","link":"https:\/\/balinesehome.pl\/?product=coffee-table-fish-galaran","title":{"rendered":"Coffee table Fish Galaran"},"content":{"rendered":"","protected":false},"excerpt":{"rendered":"<p>Niezwykle oryginalny stolik kawowy ozdobiony subtelnym ale bardzo interesuj\u0105cym motywem ryby. Mo\u017ce on sta\u0107 si\u0119 g\u0142\u00f3wnym punktem ka\u017cdego salonu w kt\u00f3rym w\u0142a\u015bciciele ceni\u0105 sobie niebanalne orientalne akcenty i naturalne wyko\u0144czenia. Szeroki blat zapewnia mn\u00f3stwo miejsca na ulubion\u0105 kaw\u0119 ksi\u0105\u017cki czy dekoracje a solidna podstawa gwarantuje pe\u0142n\u0105 stabilno\u015b\u0107. Prawdziwa pere\u0142ka dla mi\u0142o\u015bnik\u00f3w unikalnych mebli.<\/p>\n<p>wymiary: D70xH41<\/p>\n<p>dost\u0119pno\u015b\u0107 5szt.<\/p>\n","protected":false},"featured_media":433,"template":"","meta":{"_exactmetrics_skip_tracking":false,"_exactmetrics_sitenote_active":false,"_exactmetrics_sitenote_note":"","_exactmetrics_sitenote_category":0},"product_brand":[],"product_cat":[26,35],"product_tag":[],"class_list":{"0":"post-351","1":"product","2":"type-product","3":"status-publish","4":"has-post-thumbnail","6":"product_cat-meble","7":"product_cat-stoliki_kawowe","9":"first","10":"instock","11":"shipping-taxable","12":"purchasable","13":"product-type-simple"},"_links":{"self":[{"href":"https:\/\/balinesehome.pl\/index.php?rest_route=\/wp\/v2\/product\/351","targetHints":{"allow":["GET"]}}],"collection":[{"href":"https:\/\/balinesehome.pl\/index.php?rest_route=\/wp\/v2\/product"}],"about":[{"href":"https:\/\/balinesehome.pl\/index.php?rest_route=\/wp\/v2\/types\/product"}],"wp:featuredmedia":[{"embeddable":true,"href":"https:\/\/balinesehome.pl\/index.php?rest_route=\/wp\/v2\/media\/433"}],"wp:attachment":[{"href":"https:\/\/balinesehome.pl\/index.php?rest_route=%2Fwp%2Fv2%2Fmedia&parent=351"}],"wp:term":[{"taxonomy":"product_brand","embeddable":true,"href":"https:\/\/balinesehome.pl\/index.php?rest_route=%2Fwp%2Fv2%2Fproduct_brand&post=351"},{"taxonomy":"product_cat","embeddable":true,"href":"https:\/\/balinesehome.pl\/index.php?rest_route=%2Fwp%2Fv2%2Fproduct_cat&post=351"},{"taxonomy":"product_tag","embeddable":true,"href":"https:\/\/balinesehome.pl\/index.php?rest_route=%2Fwp%2Fv2%2Fproduct_tag&post=351"}],"curies":[{"name":"wp","href":"https:\/\/api.w.org\/{rel}","templated":true}]}}