{"id":356,"date":"2026-03-21T08:40:35","date_gmt":"2026-03-21T08:40:35","guid":{"rendered":"https:\/\/balinesehome.pl\/?post_type=product&#038;p=356"},"modified":"2026-03-22T08:18:55","modified_gmt":"2026-03-22T08:18:55","slug":"mirror-eyes","status":"publish","type":"product","link":"https:\/\/balinesehome.pl\/?product=mirror-eyes","title":{"rendered":"Mirror Eyes"},"content":{"rendered":"","protected":false},"excerpt":{"rendered":"<p>Unikalne lustro o kszta\u0142cie przypominaj\u0105cym ludzkie oko. To nie tylko bardzo praktyczny element wyposa\u017cenia kt\u00f3ry optycznie powi\u0119kszy i rozja\u015bni ka\u017cd\u0105 przestrze\u0144 ale przede wszystkim fascynuj\u0105ca dekoracja \u015bcienna. Wspaniale sprawdzi si\u0119 w przedpokoju \u0142azience czy sypialni dodaj\u0105c wn\u0119trzu odrobiny tajemniczo\u015bci i artystycznego wyrazu. Przyci\u0105ga spojrzenia i staje si\u0119 wspania\u0142ym tematem do rozm\u00f3w z go\u015b\u0107mi.<\/p>\n","protected":false},"featured_media":451,"template":"","meta":{"_exactmetrics_skip_tracking":false,"_exactmetrics_sitenote_active":false,"_exactmetrics_sitenote_note":"","_exactmetrics_sitenote_category":0},"product_brand":[],"product_cat":[41],"product_tag":[],"class_list":{"0":"post-356","1":"product","2":"type-product","3":"status-publish","4":"has-post-thumbnail","6":"product_cat-lustra","8":"first","9":"instock","10":"shipping-taxable","11":"product-type-simple"},"_links":{"self":[{"href":"https:\/\/balinesehome.pl\/index.php?rest_route=\/wp\/v2\/product\/356","targetHints":{"allow":["GET"]}}],"collection":[{"href":"https:\/\/balinesehome.pl\/index.php?rest_route=\/wp\/v2\/product"}],"about":[{"href":"https:\/\/balinesehome.pl\/index.php?rest_route=\/wp\/v2\/types\/product"}],"wp:featuredmedia":[{"embeddable":true,"href":"https:\/\/balinesehome.pl\/index.php?rest_route=\/wp\/v2\/media\/451"}],"wp:attachment":[{"href":"https:\/\/balinesehome.pl\/index.php?rest_route=%2Fwp%2Fv2%2Fmedia&parent=356"}],"wp:term":[{"taxonomy":"product_brand","embeddable":true,"href":"https:\/\/balinesehome.pl\/index.php?rest_route=%2Fwp%2Fv2%2Fproduct_brand&post=356"},{"taxonomy":"product_cat","embeddable":true,"href":"https:\/\/balinesehome.pl\/index.php?rest_route=%2Fwp%2Fv2%2Fproduct_cat&post=356"},{"taxonomy":"product_tag","embeddable":true,"href":"https:\/\/balinesehome.pl\/index.php?rest_route=%2Fwp%2Fv2%2Fproduct_tag&post=356"}],"curies":[{"name":"wp","href":"https:\/\/api.w.org\/{rel}","templated":true}]}}