{"id":391,"date":"2026-03-21T10:07:08","date_gmt":"2026-03-21T10:07:08","guid":{"rendered":"https:\/\/balinesehome.pl\/?post_type=product&#038;p=391"},"modified":"2026-04-02T21:31:38","modified_gmt":"2026-04-02T21:31:38","slug":"figura-kokos","status":"publish","type":"product","link":"https:\/\/balinesehome.pl\/?product=figura-kokos","title":{"rendered":"Figura Kokos"},"content":{"rendered":"","protected":false},"excerpt":{"rendered":"<p>R\u0119cznie wykonana figura z naturalnego kokosa kt\u00f3ra wprowadzi do twojego domu niesamowity egzotyczny klimat i ciep\u0142o.<\/p>\n","protected":false},"featured_media":663,"template":"","meta":{"_exactmetrics_skip_tracking":false,"_exactmetrics_sitenote_active":false,"_exactmetrics_sitenote_note":"","_exactmetrics_sitenote_category":0},"product_brand":[],"product_cat":[37],"product_tag":[],"class_list":{"0":"post-391","1":"product","2":"type-product","3":"status-publish","4":"has-post-thumbnail","6":"product_cat-rzezby","8":"first","9":"instock","10":"shipping-taxable","11":"purchasable","12":"product-type-simple"},"_links":{"self":[{"href":"https:\/\/balinesehome.pl\/index.php?rest_route=\/wp\/v2\/product\/391","targetHints":{"allow":["GET"]}}],"collection":[{"href":"https:\/\/balinesehome.pl\/index.php?rest_route=\/wp\/v2\/product"}],"about":[{"href":"https:\/\/balinesehome.pl\/index.php?rest_route=\/wp\/v2\/types\/product"}],"wp:featuredmedia":[{"embeddable":true,"href":"https:\/\/balinesehome.pl\/index.php?rest_route=\/wp\/v2\/media\/663"}],"wp:attachment":[{"href":"https:\/\/balinesehome.pl\/index.php?rest_route=%2Fwp%2Fv2%2Fmedia&parent=391"}],"wp:term":[{"taxonomy":"product_brand","embeddable":true,"href":"https:\/\/balinesehome.pl\/index.php?rest_route=%2Fwp%2Fv2%2Fproduct_brand&post=391"},{"taxonomy":"product_cat","embeddable":true,"href":"https:\/\/balinesehome.pl\/index.php?rest_route=%2Fwp%2Fv2%2Fproduct_cat&post=391"},{"taxonomy":"product_tag","embeddable":true,"href":"https:\/\/balinesehome.pl\/index.php?rest_route=%2Fwp%2Fv2%2Fproduct_tag&post=391"}],"curies":[{"name":"wp","href":"https:\/\/api.w.org\/{rel}","templated":true}]}}