{"id":471,"date":"2026-03-26T07:54:05","date_gmt":"2026-03-26T07:54:05","guid":{"rendered":"https:\/\/balinesehome.pl\/?post_type=product&#038;p=471"},"modified":"2026-04-03T10:41:49","modified_gmt":"2026-04-03T10:41:49","slug":"umywalka-onyx","status":"publish","type":"product","link":"https:\/\/balinesehome.pl\/?product=umywalka-onyx","title":{"rendered":"Umywalki Onyx"},"content":{"rendered":"","protected":false},"excerpt":{"rendered":"<p style=\"text-align: left;\">Wyj\u0105tkowa i w pe\u0142ni naturalna umywalka wykonana w i\u015bcie balijskim stylu. Jej surowy i organiczny wygl\u0105d sprawi \u017ce w mgnieniu oka przemienisz swoj\u0105 zwyk\u0142\u0105 \u0142azienk\u0119 w prawdziwe tropikalne spa rodem z luksusowego kurortu. Ka\u017cdy egzemplarz jest absolutnie unikalny i posiada swoj\u0105 w\u0142asn\u0105 niepowtarzaln\u0105 struktur\u0119 oraz odcie\u0144. To propozycja dla os\u00f3b pragn\u0105cych obcowa\u0107 z natur\u0105 nawet podczas codziennych rytua\u0142\u00f3w.<\/p>\n","protected":false},"featured_media":487,"template":"","meta":{"_exactmetrics_skip_tracking":false,"_exactmetrics_sitenote_active":false,"_exactmetrics_sitenote_note":"","_exactmetrics_sitenote_category":0},"product_brand":[],"product_cat":[39,38],"product_tag":[],"class_list":{"0":"post-471","1":"product","2":"type-product","3":"status-publish","4":"has-post-thumbnail","6":"product_cat-onyks","7":"product_cat-umywalki","9":"first","10":"instock","11":"shipping-taxable","12":"purchasable","13":"product-type-simple"},"_links":{"self":[{"href":"https:\/\/balinesehome.pl\/index.php?rest_route=\/wp\/v2\/product\/471","targetHints":{"allow":["GET"]}}],"collection":[{"href":"https:\/\/balinesehome.pl\/index.php?rest_route=\/wp\/v2\/product"}],"about":[{"href":"https:\/\/balinesehome.pl\/index.php?rest_route=\/wp\/v2\/types\/product"}],"wp:featuredmedia":[{"embeddable":true,"href":"https:\/\/balinesehome.pl\/index.php?rest_route=\/wp\/v2\/media\/487"}],"wp:attachment":[{"href":"https:\/\/balinesehome.pl\/index.php?rest_route=%2Fwp%2Fv2%2Fmedia&parent=471"}],"wp:term":[{"taxonomy":"product_brand","embeddable":true,"href":"https:\/\/balinesehome.pl\/index.php?rest_route=%2Fwp%2Fv2%2Fproduct_brand&post=471"},{"taxonomy":"product_cat","embeddable":true,"href":"https:\/\/balinesehome.pl\/index.php?rest_route=%2Fwp%2Fv2%2Fproduct_cat&post=471"},{"taxonomy":"product_tag","embeddable":true,"href":"https:\/\/balinesehome.pl\/index.php?rest_route=%2Fwp%2Fv2%2Fproduct_tag&post=471"}],"curies":[{"name":"wp","href":"https:\/\/api.w.org\/{rel}","templated":true}]}}