{"id":531,"date":"2026-03-26T11:03:57","date_gmt":"2026-03-26T11:03:57","guid":{"rendered":"https:\/\/balinesehome.pl\/?post_type=product&#038;p=531"},"modified":"2026-04-03T07:01:05","modified_gmt":"2026-04-03T07:01:05","slug":"lawka-zolw","status":"publish","type":"product","link":"https:\/\/balinesehome.pl\/?product=lawka-zolw","title":{"rendered":"\u0141awka \u017b\u00f3\u0142w"},"content":{"rendered":"","protected":false},"excerpt":{"rendered":"<p>Fantastyczna \u0142awka wyrze\u017abiona na podobie\u0144stwo \u017c\u00f3\u0142wia. Prawdziwe dzie\u0142o balijskich rzemie\u015blnik\u00f3w \u0142\u0105cz\u0105ce funkcjonalno\u015b\u0107 z unikaln\u0105 sztuk\u0105.<\/p>\n","protected":false},"featured_media":690,"template":"","meta":{"_exactmetrics_skip_tracking":false,"_exactmetrics_sitenote_active":false,"_exactmetrics_sitenote_note":"","_exactmetrics_sitenote_category":0},"product_brand":[],"product_cat":[37],"product_tag":[],"class_list":{"0":"post-531","1":"product","2":"type-product","3":"status-publish","4":"has-post-thumbnail","6":"product_cat-rzezby","8":"first","9":"instock","10":"shipping-taxable","11":"purchasable","12":"product-type-simple"},"_links":{"self":[{"href":"https:\/\/balinesehome.pl\/index.php?rest_route=\/wp\/v2\/product\/531","targetHints":{"allow":["GET"]}}],"collection":[{"href":"https:\/\/balinesehome.pl\/index.php?rest_route=\/wp\/v2\/product"}],"about":[{"href":"https:\/\/balinesehome.pl\/index.php?rest_route=\/wp\/v2\/types\/product"}],"wp:featuredmedia":[{"embeddable":true,"href":"https:\/\/balinesehome.pl\/index.php?rest_route=\/wp\/v2\/media\/690"}],"wp:attachment":[{"href":"https:\/\/balinesehome.pl\/index.php?rest_route=%2Fwp%2Fv2%2Fmedia&parent=531"}],"wp:term":[{"taxonomy":"product_brand","embeddable":true,"href":"https:\/\/balinesehome.pl\/index.php?rest_route=%2Fwp%2Fv2%2Fproduct_brand&post=531"},{"taxonomy":"product_cat","embeddable":true,"href":"https:\/\/balinesehome.pl\/index.php?rest_route=%2Fwp%2Fv2%2Fproduct_cat&post=531"},{"taxonomy":"product_tag","embeddable":true,"href":"https:\/\/balinesehome.pl\/index.php?rest_route=%2Fwp%2Fv2%2Fproduct_tag&post=531"}],"curies":[{"name":"wp","href":"https:\/\/api.w.org\/{rel}","templated":true}]}}