{"id":533,"date":"2026-03-26T11:07:25","date_gmt":"2026-03-26T11:07:25","guid":{"rendered":"https:\/\/balinesehome.pl\/?post_type=product&#038;p=533"},"modified":"2026-04-03T09:18:53","modified_gmt":"2026-04-03T09:18:53","slug":"lawka-zolw-kopia","status":"publish","type":"product","link":"https:\/\/balinesehome.pl\/?product=lawka-zolw-kopia","title":{"rendered":"Rama Lustra Teak"},"content":{"rendered":"","protected":false},"excerpt":{"rendered":"<blockquote><p>Pot\u0119\u017cna rama wykonana ze szlachetnego drewna tekowego. Zapewni twojemu lustru luksusow\u0105 i niesamowicie trwa\u0142\u0105 opraw\u0119 na d\u0142ugie dekady.<\/p><\/blockquote>\n<p>Dost\u0119pne dwa wymiary<\/p>\n<p>150&#215;80 1szt.<\/p>\n<p>120&#215;75 2szt.<\/p>\n","protected":false},"featured_media":687,"template":"","meta":{"_exactmetrics_skip_tracking":false,"_exactmetrics_sitenote_active":false,"_exactmetrics_sitenote_note":"","_exactmetrics_sitenote_category":0},"product_brand":[],"product_cat":[37],"product_tag":[],"class_list":{"0":"post-533","1":"product","2":"type-product","3":"status-publish","4":"has-post-thumbnail","6":"product_cat-rzezby","8":"first","9":"instock","10":"shipping-taxable","11":"purchasable","12":"product-type-simple"},"_links":{"self":[{"href":"https:\/\/balinesehome.pl\/index.php?rest_route=\/wp\/v2\/product\/533","targetHints":{"allow":["GET"]}}],"collection":[{"href":"https:\/\/balinesehome.pl\/index.php?rest_route=\/wp\/v2\/product"}],"about":[{"href":"https:\/\/balinesehome.pl\/index.php?rest_route=\/wp\/v2\/types\/product"}],"wp:featuredmedia":[{"embeddable":true,"href":"https:\/\/balinesehome.pl\/index.php?rest_route=\/wp\/v2\/media\/687"}],"wp:attachment":[{"href":"https:\/\/balinesehome.pl\/index.php?rest_route=%2Fwp%2Fv2%2Fmedia&parent=533"}],"wp:term":[{"taxonomy":"product_brand","embeddable":true,"href":"https:\/\/balinesehome.pl\/index.php?rest_route=%2Fwp%2Fv2%2Fproduct_brand&post=533"},{"taxonomy":"product_cat","embeddable":true,"href":"https:\/\/balinesehome.pl\/index.php?rest_route=%2Fwp%2Fv2%2Fproduct_cat&post=533"},{"taxonomy":"product_tag","embeddable":true,"href":"https:\/\/balinesehome.pl\/index.php?rest_route=%2Fwp%2Fv2%2Fproduct_tag&post=533"}],"curies":[{"name":"wp","href":"https:\/\/api.w.org\/{rel}","templated":true}]}}