{"id":535,"date":"2026-03-26T11:09:17","date_gmt":"2026-03-26T11:09:17","guid":{"rendered":"https:\/\/balinesehome.pl\/?post_type=product&#038;p=535"},"modified":"2026-04-04T05:43:51","modified_gmt":"2026-04-04T05:43:51","slug":"lawka-mala","status":"publish","type":"product","link":"https:\/\/balinesehome.pl\/?product=lawka-mala","title":{"rendered":"\u0141awka Ma\u0142a Teak"},"content":{"rendered":"","protected":false},"excerpt":{"rendered":"<p>Kompaktowa i urocza drewniana \u0142aweczka. Sprawdzi si\u0119 wybornie jako rustykalny podn\u00f3\u017cek lub solidna podstawa pod du\u017c\u0105 ro\u015blin\u0119 doniczkow\u0105.<\/p>\n","protected":false},"featured_media":536,"template":"","meta":{"_exactmetrics_skip_tracking":false,"_exactmetrics_sitenote_active":false,"_exactmetrics_sitenote_note":"","_exactmetrics_sitenote_category":0},"product_brand":[],"product_cat":[37],"product_tag":[],"class_list":{"0":"post-535","1":"product","2":"type-product","3":"status-publish","4":"has-post-thumbnail","6":"product_cat-rzezby","8":"first","9":"instock","10":"shipping-taxable","11":"purchasable","12":"product-type-simple"},"_links":{"self":[{"href":"https:\/\/balinesehome.pl\/index.php?rest_route=\/wp\/v2\/product\/535","targetHints":{"allow":["GET"]}}],"collection":[{"href":"https:\/\/balinesehome.pl\/index.php?rest_route=\/wp\/v2\/product"}],"about":[{"href":"https:\/\/balinesehome.pl\/index.php?rest_route=\/wp\/v2\/types\/product"}],"wp:featuredmedia":[{"embeddable":true,"href":"https:\/\/balinesehome.pl\/index.php?rest_route=\/wp\/v2\/media\/536"}],"wp:attachment":[{"href":"https:\/\/balinesehome.pl\/index.php?rest_route=%2Fwp%2Fv2%2Fmedia&parent=535"}],"wp:term":[{"taxonomy":"product_brand","embeddable":true,"href":"https:\/\/balinesehome.pl\/index.php?rest_route=%2Fwp%2Fv2%2Fproduct_brand&post=535"},{"taxonomy":"product_cat","embeddable":true,"href":"https:\/\/balinesehome.pl\/index.php?rest_route=%2Fwp%2Fv2%2Fproduct_cat&post=535"},{"taxonomy":"product_tag","embeddable":true,"href":"https:\/\/balinesehome.pl\/index.php?rest_route=%2Fwp%2Fv2%2Fproduct_tag&post=535"}],"curies":[{"name":"wp","href":"https:\/\/api.w.org\/{rel}","templated":true}]}}