{"id":685,"date":"2026-04-03T06:41:35","date_gmt":"2026-04-03T06:41:35","guid":{"rendered":"https:\/\/balinesehome.pl\/?post_type=product&#038;p=685"},"modified":"2026-04-03T09:45:10","modified_gmt":"2026-04-03T09:45:10","slug":"wazon-2","status":"publish","type":"product","link":"https:\/\/balinesehome.pl\/?product=wazon-2","title":{"rendered":"Wazon 2"},"content":{"rendered":"<p>Wyj\u0105tkowe naczynie dekoracyjne o organicznym kszta\u0142cie. Wprowadza do wn\u0119trza spok\u00f3j i harmoni\u0119 prosto z zielonej indonezyjskiej wyspy.<\/p>\n","protected":false},"excerpt":{"rendered":"<p>Stylowy wazon dekoracyjny inspirowany natur\u0105. \u015awietnie zaprezentuje si\u0119 na pod\u0142odze w korytarzu lub w przestronnym k\u0105ciku wypoczynkowym.<\/p>\n","protected":false},"featured_media":686,"template":"","meta":{"_exactmetrics_skip_tracking":false,"_exactmetrics_sitenote_active":false,"_exactmetrics_sitenote_note":"","_exactmetrics_sitenote_category":0},"product_brand":[],"product_cat":[25],"product_tag":[],"class_list":{"0":"post-685","1":"product","2":"type-product","3":"status-publish","4":"has-post-thumbnail","6":"product_cat-terakota","8":"first","9":"instock","10":"shipping-taxable","11":"purchasable","12":"product-type-simple"},"_links":{"self":[{"href":"https:\/\/balinesehome.pl\/index.php?rest_route=\/wp\/v2\/product\/685","targetHints":{"allow":["GET"]}}],"collection":[{"href":"https:\/\/balinesehome.pl\/index.php?rest_route=\/wp\/v2\/product"}],"about":[{"href":"https:\/\/balinesehome.pl\/index.php?rest_route=\/wp\/v2\/types\/product"}],"wp:featuredmedia":[{"embeddable":true,"href":"https:\/\/balinesehome.pl\/index.php?rest_route=\/wp\/v2\/media\/686"}],"wp:attachment":[{"href":"https:\/\/balinesehome.pl\/index.php?rest_route=%2Fwp%2Fv2%2Fmedia&parent=685"}],"wp:term":[{"taxonomy":"product_brand","embeddable":true,"href":"https:\/\/balinesehome.pl\/index.php?rest_route=%2Fwp%2Fv2%2Fproduct_brand&post=685"},{"taxonomy":"product_cat","embeddable":true,"href":"https:\/\/balinesehome.pl\/index.php?rest_route=%2Fwp%2Fv2%2Fproduct_cat&post=685"},{"taxonomy":"product_tag","embeddable":true,"href":"https:\/\/balinesehome.pl\/index.php?rest_route=%2Fwp%2Fv2%2Fproduct_tag&post=685"}],"curies":[{"name":"wp","href":"https:\/\/api.w.org\/{rel}","templated":true}]}}